{"id":5529,"date":"2017-11-19T14:30:56","date_gmt":"2017-11-19T13:30:56","guid":{"rendered":"https:\/\/operakrolewska.pl\/?page_id=5529"},"modified":"2020-09-21T12:24:32","modified_gmt":"2020-09-21T10:24:32","slug":"for-media","status":"publish","type":"page","link":"https:\/\/operakrolewska.pl\/en\/for-media\/","title":{"rendered":"For the media"},"content":{"rendered":"<p><a href=\"https:\/\/operakrolewska.pl\/wp-content\/uploads\/2017\/12\/mozart_figaro.zip\">MOZARTFIGARO &#8211; Materia\u0142y<\/a><\/p>\n<p><a href=\"https:\/\/operakrolewska.pl\/KURPINSKI_ALEXANDERIAPELLES.zip\">KURPINSKI ALEXANDERIAPELLES &#8211; Materia\u0142y<\/a><\/p>\n<p><a href=\"https:\/\/operakrolewska.pl\/wp-content\/uploads\/2018\/02\/kamienski_nedzauszczesliwiona_materialy.7z\">KAMIENSKI_NEDZAUSZCZESLIWIONA_materia\u0142y&#8217;<\/a><\/p>\n<p><a href=\"https:\/\/operakrolewska.pl\/wp-content\/uploads\/2018\/06\/festiwal_5-27-lipca-2018-1.zip\">FESTIWAL_5-27 LIPCA 2018<\/a><\/p>\n<p><a href=\"https:\/\/operakrolewska.pl\/wp-content\/uploads\/2018\/06\/mozart_dongiovanni.7z\">MOZART_DONGIOVANNI<\/a><\/p>\n","protected":false},"excerpt":{"rendered":"<p>MOZARTFIGARO &#8211; Materia\u0142y KURPINSKI ALEXANDERIAPELLES &#8211; Materia\u0142y KAMIENSKI_NEDZAUSZCZESLIWIONA_materia\u0142y&#8217; FESTIWAL_5-27 LIPCA 2018 MOZART_DONGIOVANNI<\/p>\n","protected":false},"author":1,"featured_media":0,"parent":0,"menu_order":0,"comment_status":"closed","ping_status":"closed","template":"","meta":{"_acf_changed":false,"_kad_blocks_custom_css":"","_kad_blocks_head_custom_js":"","_kad_blocks_body_custom_js":"","_kad_blocks_footer_custom_js":"","footnotes":""},"class_list":["post-5529","page","type-page","status-publish","hentry"],"acf":[],"yoast_head":"<!-- This site is optimized with the Yoast SEO plugin v26.2 - https:\/\/yoast.com\/wordpress\/plugins\/seo\/ -->\n<title>For the media - Polska Opera Kr&oacute;lewska<\/title>\n<meta name=\"robots\" content=\"index, follow, max-snippet:-1, max-image-preview:large, max-video-preview:-1\" \/>\n<link rel=\"canonical\" href=\"https:\/\/operakrolewska.pl\/en\/for-media\/\" \/>\n<meta property=\"og:locale\" content=\"en_US\" \/>\n<meta property=\"og:type\" content=\"article\" \/>\n<meta property=\"og:title\" content=\"For the media - Polska Opera Kr&oacute;lewska\" \/>\n<meta property=\"og:description\" content=\"MOZARTFIGARO &#8211; Materia\u0142y KURPINSKI ALEXANDERIAPELLES &#8211; Materia\u0142y KAMIENSKI_NEDZAUSZCZESLIWIONA_materia\u0142y&#8217; FESTIWAL_5-27 LIPCA 2018 MOZART_DONGIOVANNI\" \/>\n<meta property=\"og:url\" content=\"https:\/\/operakrolewska.pl\/en\/for-media\/\" \/>\n<meta property=\"og:site_name\" content=\"Polska Opera Kr&oacute;lewska\" \/>\n<meta property=\"article:publisher\" content=\"https:\/\/web.facebook.com\/PolskaOperaKrolewska\/\" \/>\n<meta property=\"article:modified_time\" content=\"2020-09-21T10:24:32+00:00\" \/>\n<meta name=\"twitter:card\" content=\"summary_large_image\" \/>\n<script type=\"application\/ld+json\" class=\"yoast-schema-graph\">{\"@context\":\"https:\/\/schema.org\",\"@graph\":[{\"@type\":\"WebPage\",\"@id\":\"https:\/\/operakrolewska.pl\/en\/for-media\/\",\"url\":\"https:\/\/operakrolewska.pl\/en\/for-media\/\",\"name\":\"For the media - Polska Opera Kr&oacute;lewska\",\"isPartOf\":{\"@id\":\"https:\/\/operakrolewska.pl\/#website\"},\"datePublished\":\"2017-11-19T13:30:56+00:00\",\"dateModified\":\"2020-09-21T10:24:32+00:00\",\"breadcrumb\":{\"@id\":\"https:\/\/operakrolewska.pl\/en\/for-media\/#breadcrumb\"},\"inLanguage\":\"en-US\",\"potentialAction\":[{\"@type\":\"ReadAction\",\"target\":[\"https:\/\/operakrolewska.pl\/en\/for-media\/\"]}]},{\"@type\":\"BreadcrumbList\",\"@id\":\"https:\/\/operakrolewska.pl\/en\/for-media\/#breadcrumb\",\"itemListElement\":[{\"@type\":\"ListItem\",\"position\":1,\"name\":\"Strona g\u0142\u00f3wna\",\"item\":\"https:\/\/operakrolewska.pl\/en\/\"},{\"@type\":\"ListItem\",\"position\":2,\"name\":\"For the media\"}]},{\"@type\":\"WebSite\",\"@id\":\"https:\/\/operakrolewska.pl\/#website\",\"url\":\"https:\/\/operakrolewska.pl\/\",\"name\":\"Polska Opera Kr&oacute;lewska\",\"description\":\"Polska Opera Kr&oacute;lewska\",\"publisher\":{\"@id\":\"https:\/\/operakrolewska.pl\/#organization\"},\"potentialAction\":[{\"@type\":\"SearchAction\",\"target\":{\"@type\":\"EntryPoint\",\"urlTemplate\":\"https:\/\/operakrolewska.pl\/?s={search_term_string}\"},\"query-input\":{\"@type\":\"PropertyValueSpecification\",\"valueRequired\":true,\"valueName\":\"search_term_string\"}}],\"inLanguage\":\"en-US\"},{\"@type\":\"Organization\",\"@id\":\"https:\/\/operakrolewska.pl\/#organization\",\"name\":\"Polska Opera Kr\u00f3lewska\",\"url\":\"https:\/\/operakrolewska.pl\/\",\"logo\":{\"@type\":\"ImageObject\",\"inLanguage\":\"en-US\",\"@id\":\"https:\/\/operakrolewska.pl\/#\/schema\/logo\/image\/\",\"url\":\"https:\/\/operakrolewska.pl\/wp-content\/uploads\/2017\/12\/logo-pok-czerwone_rgb-e1583499221374.jpg\",\"contentUrl\":\"https:\/\/operakrolewska.pl\/wp-content\/uploads\/2017\/12\/logo-pok-czerwone_rgb-e1583499221374.jpg\",\"width\":250,\"height\":108,\"caption\":\"Polska Opera Kr\u00f3lewska\"},\"image\":{\"@id\":\"https:\/\/operakrolewska.pl\/#\/schema\/logo\/image\/\"},\"sameAs\":[\"https:\/\/web.facebook.com\/PolskaOperaKrolewska\/\"]}]}<\/script>\n<!-- \/ Yoast SEO plugin. -->","yoast_head_json":{"title":"For the media - Polska Opera Kr&oacute;lewska","robots":{"index":"index","follow":"follow","max-snippet":"max-snippet:-1","max-image-preview":"max-image-preview:large","max-video-preview":"max-video-preview:-1"},"canonical":"https:\/\/operakrolewska.pl\/en\/for-media\/","og_locale":"en_US","og_type":"article","og_title":"For the media - Polska Opera Kr&oacute;lewska","og_description":"MOZARTFIGARO &#8211; Materia\u0142y KURPINSKI ALEXANDERIAPELLES &#8211; Materia\u0142y KAMIENSKI_NEDZAUSZCZESLIWIONA_materia\u0142y&#8217; FESTIWAL_5-27 LIPCA 2018 MOZART_DONGIOVANNI","og_url":"https:\/\/operakrolewska.pl\/en\/for-media\/","og_site_name":"Polska Opera Kr&oacute;lewska","article_publisher":"https:\/\/web.facebook.com\/PolskaOperaKrolewska\/","article_modified_time":"2020-09-21T10:24:32+00:00","twitter_card":"summary_large_image","schema":{"@context":"https:\/\/schema.org","@graph":[{"@type":"WebPage","@id":"https:\/\/operakrolewska.pl\/en\/for-media\/","url":"https:\/\/operakrolewska.pl\/en\/for-media\/","name":"For the media - Polska Opera Kr&oacute;lewska","isPartOf":{"@id":"https:\/\/operakrolewska.pl\/#website"},"datePublished":"2017-11-19T13:30:56+00:00","dateModified":"2020-09-21T10:24:32+00:00","breadcrumb":{"@id":"https:\/\/operakrolewska.pl\/en\/for-media\/#breadcrumb"},"inLanguage":"en-US","potentialAction":[{"@type":"ReadAction","target":["https:\/\/operakrolewska.pl\/en\/for-media\/"]}]},{"@type":"BreadcrumbList","@id":"https:\/\/operakrolewska.pl\/en\/for-media\/#breadcrumb","itemListElement":[{"@type":"ListItem","position":1,"name":"Strona g\u0142\u00f3wna","item":"https:\/\/operakrolewska.pl\/en\/"},{"@type":"ListItem","position":2,"name":"For the media"}]},{"@type":"WebSite","@id":"https:\/\/operakrolewska.pl\/#website","url":"https:\/\/operakrolewska.pl\/","name":"Polska Opera Kr&oacute;lewska","description":"Polska Opera Kr&oacute;lewska","publisher":{"@id":"https:\/\/operakrolewska.pl\/#organization"},"potentialAction":[{"@type":"SearchAction","target":{"@type":"EntryPoint","urlTemplate":"https:\/\/operakrolewska.pl\/?s={search_term_string}"},"query-input":{"@type":"PropertyValueSpecification","valueRequired":true,"valueName":"search_term_string"}}],"inLanguage":"en-US"},{"@type":"Organization","@id":"https:\/\/operakrolewska.pl\/#organization","name":"Polska Opera Kr\u00f3lewska","url":"https:\/\/operakrolewska.pl\/","logo":{"@type":"ImageObject","inLanguage":"en-US","@id":"https:\/\/operakrolewska.pl\/#\/schema\/logo\/image\/","url":"https:\/\/operakrolewska.pl\/wp-content\/uploads\/2017\/12\/logo-pok-czerwone_rgb-e1583499221374.jpg","contentUrl":"https:\/\/operakrolewska.pl\/wp-content\/uploads\/2017\/12\/logo-pok-czerwone_rgb-e1583499221374.jpg","width":250,"height":108,"caption":"Polska Opera Kr\u00f3lewska"},"image":{"@id":"https:\/\/operakrolewska.pl\/#\/schema\/logo\/image\/"},"sameAs":["https:\/\/web.facebook.com\/PolskaOperaKrolewska\/"]}]}},"taxonomy_info":[],"featured_image_src_large":false,"author_info":{"display_name":"admin","author_link":"https:\/\/operakrolewska.pl\/en\/author\/admin\/"},"comment_info":0,"_links":{"self":[{"href":"https:\/\/operakrolewska.pl\/en\/wp-json\/wp\/v2\/pages\/5529","targetHints":{"allow":["GET"]}}],"collection":[{"href":"https:\/\/operakrolewska.pl\/en\/wp-json\/wp\/v2\/pages"}],"about":[{"href":"https:\/\/operakrolewska.pl\/en\/wp-json\/wp\/v2\/types\/page"}],"author":[{"embeddable":true,"href":"https:\/\/operakrolewska.pl\/en\/wp-json\/wp\/v2\/users\/1"}],"replies":[{"embeddable":true,"href":"https:\/\/operakrolewska.pl\/en\/wp-json\/wp\/v2\/comments?post=5529"}],"version-history":[{"count":2,"href":"https:\/\/operakrolewska.pl\/en\/wp-json\/wp\/v2\/pages\/5529\/revisions"}],"predecessor-version":[{"id":16485,"href":"https:\/\/operakrolewska.pl\/en\/wp-json\/wp\/v2\/pages\/5529\/revisions\/16485"}],"wp:attachment":[{"href":"https:\/\/operakrolewska.pl\/en\/wp-json\/wp\/v2\/media?parent=5529"}],"curies":[{"name":"wp","href":"https:\/\/api.w.org\/{rel}","templated":true}]}}