{"id":17240,"date":"2018-10-23T14:51:03","date_gmt":"2018-10-23T12:51:03","guid":{"rendered":"https:\/\/operakrolewska.pl\/wspolpraca\/"},"modified":"2026-04-16T11:18:17","modified_gmt":"2026-04-16T09:18:17","slug":"wspolpraca","status":"publish","type":"page","link":"https:\/\/operakrolewska.pl\/en\/wspolpraca\/","title":{"rendered":"COLLABORATION"},"content":{"rendered":"\n<h4 class=\"wp-block-heading has-text-align-center\"><span style=\"text-decoration: underline;\">PATRON OF <em>OPERA ON TOUR<\/em><\/span><\/h4>\n\n\n\n<h4 class=\"wp-block-heading has-text-align-center\"><span style=\"text-decoration: underline;\">PATRON OF THE PROGRAM <em>OPERA WORKSHOPS<\/em><\/span><\/h4>\n\n\n\n<figure class=\"wp-block-image size-full\"><a  href=\"https:\/\/operakrolewska.pl\/wp-content\/uploads\/2025\/03\/strona_orlen_2.jpg\" data-rel=\"lightbox-gallery-0\" data-rl_title=\"\" data-rl_caption=\"\" title=\"\"><img loading=\"lazy\" decoding=\"async\" width=\"861\" height=\"486\" src=\"https:\/\/operakrolewska.pl\/wp-content\/uploads\/2025\/03\/strona_orlen_2.jpg\" alt=\"\" class=\"wp-image-37222\" srcset=\"https:\/\/operakrolewska.pl\/wp-content\/uploads\/2025\/03\/strona_orlen_2.jpg 861w, https:\/\/operakrolewska.pl\/wp-content\/uploads\/2025\/03\/strona_orlen_2-300x169.jpg 300w, https:\/\/operakrolewska.pl\/wp-content\/uploads\/2025\/03\/strona_orlen_2-768x434.jpg 768w, https:\/\/operakrolewska.pl\/wp-content\/uploads\/2025\/03\/strona_orlen_2-365x206.jpg 365w, https:\/\/operakrolewska.pl\/wp-content\/uploads\/2025\/03\/strona_orlen_2-860x485.jpg 860w\" sizes=\"auto, (max-width: 861px) 100vw, 861px\" \/><\/a><\/figure>\n\n\n\n<h4 class=\"wp-block-heading has-text-align-center has-medium-font-size\"><span style=\"text-decoration: underline;\"><strong>PARTNERS OF THE POLISH ROYAL OPERA<\/strong><\/span><\/h4>\n\n\n\n<div style=\"height:50px\" aria-hidden=\"true\" class=\"wp-block-spacer\"><\/div>\n\n\n<div class=\"wp-block-image\">\n<figure class=\"aligncenter\"><a href=\"http:\/\/www.lazienki-krolewskie.pl\/en\"><img loading=\"lazy\" decoding=\"async\" width=\"188\" height=\"300\" src=\"https:\/\/operakrolewska.pl\/wp-content\/uploads\/2021\/01\/lk_logo_pion1-188x300.jpg\" alt=\"\" class=\"wp-image-17766\" srcset=\"https:\/\/operakrolewska.pl\/wp-content\/uploads\/2021\/01\/lk_logo_pion1-188x300.jpg 188w, https:\/\/operakrolewska.pl\/wp-content\/uploads\/2021\/01\/lk_logo_pion1-643x1024.jpg 643w, https:\/\/operakrolewska.pl\/wp-content\/uploads\/2021\/01\/lk_logo_pion1.jpg 748w\" sizes=\"auto, (max-width: 188px) 100vw, 188px\" \/><\/a><\/figure><\/div>\n\n\n<p class=\"has-text-align-center\"><\/p>\n\n\n\n<div style=\"height:100px\" aria-hidden=\"true\" class=\"wp-block-spacer\"><\/div>\n\n\n\n<figure class=\"wp-block-image size-full\"><a href=\"https:\/\/www.lot.com\/\"><img loading=\"lazy\" decoding=\"async\" width=\"860\" height=\"485\" src=\"https:\/\/operakrolewska.pl\/wp-content\/uploads\/2026\/04\/strona_lot.jpg\" alt=\"\" class=\"wp-image-43654\" srcset=\"https:\/\/operakrolewska.pl\/wp-content\/uploads\/2026\/04\/strona_lot.jpg 860w, https:\/\/operakrolewska.pl\/wp-content\/uploads\/2026\/04\/strona_lot-300x169.jpg 300w, https:\/\/operakrolewska.pl\/wp-content\/uploads\/2026\/04\/strona_lot-768x433.jpg 768w, https:\/\/operakrolewska.pl\/wp-content\/uploads\/2026\/04\/strona_lot-365x206.jpg 365w\" sizes=\"auto, (max-width: 860px) 100vw, 860px\" \/><\/a><\/figure>\n\n\n\n<p class=\"has-text-align-center\"><\/p>\n\n\n\n<div style=\"height:50px\" aria-hidden=\"true\" class=\"wp-block-spacer\"><\/div>\n\n\n<div class=\"wp-block-image\">\n<figure class=\"aligncenter is-resized\"><a href=\"https:\/\/www.skm.warszawa.pl\/\"><img loading=\"lazy\" decoding=\"async\" width=\"300\" height=\"132\" src=\"https:\/\/operakrolewska.pl\/wp-content\/uploads\/2021\/01\/skm_logo-cmyk_-300x132.jpg\" alt=\"\" class=\"wp-image-17934\" style=\"width:300px;height:auto\" srcset=\"https:\/\/operakrolewska.pl\/wp-content\/uploads\/2021\/01\/skm_logo-cmyk_-300x132.jpg 300w, https:\/\/operakrolewska.pl\/wp-content\/uploads\/2021\/01\/skm_logo-cmyk_.jpg 700w\" sizes=\"auto, (max-width: 300px) 100vw, 300px\" \/><\/a><\/figure><\/div>\n\n\n<div style=\"height:50px\" aria-hidden=\"true\" class=\"wp-block-spacer\"><\/div>\n\n\n<div class=\"wp-block-image\">\n<figure class=\"aligncenter size-large is-resized\"><a  href=\"https:\/\/operakrolewska.pl\/wp-content\/uploads\/2025\/07\/wn-english.jpg\" data-rel=\"lightbox-gallery-0\" data-rl_title=\"\" data-rl_caption=\"\" title=\"\"><img loading=\"lazy\" decoding=\"async\" width=\"1024\" height=\"481\" src=\"https:\/\/operakrolewska.pl\/wp-content\/uploads\/2025\/07\/wn-english-1024x481.jpg\" alt=\"\" class=\"wp-image-39327\" style=\"width:294px;height:auto\" srcset=\"https:\/\/operakrolewska.pl\/wp-content\/uploads\/2025\/07\/wn-english-1024x481.jpg 1024w, https:\/\/operakrolewska.pl\/wp-content\/uploads\/2025\/07\/wn-english-300x141.jpg 300w, https:\/\/operakrolewska.pl\/wp-content\/uploads\/2025\/07\/wn-english-768x361.jpg 768w, https:\/\/operakrolewska.pl\/wp-content\/uploads\/2025\/07\/wn-english.jpg 1301w\" sizes=\"auto, (max-width: 1024px) 100vw, 1024px\" \/><\/a><\/figure><\/div>\n\n\n<div style=\"height:70px\" aria-hidden=\"true\" class=\"wp-block-spacer\"><\/div>\n\n\n\n<h4 class=\"wp-block-heading has-text-align-center has-medium-font-size\"><span style=\"text-decoration: underline;\"><strong>MEDIA PATRONAGE<\/strong><\/span><\/h4>\n\n\n\n<p class=\"has-text-align-center\"><\/p>\n\n\n<div class=\"wp-block-image\">\n<figure class=\"aligncenter\"><img loading=\"lazy\" decoding=\"async\" width=\"300\" height=\"99\" src=\"https:\/\/operakrolewska.pl\/wp-content\/uploads\/2018\/10\/ams_red-300x99.jpg\" alt=\"AMS\" class=\"wp-image-7185\" srcset=\"https:\/\/operakrolewska.pl\/wp-content\/uploads\/2018\/10\/ams_red-300x99.jpg 300w, https:\/\/operakrolewska.pl\/wp-content\/uploads\/2018\/10\/ams_red-768x254.jpg 768w, https:\/\/operakrolewska.pl\/wp-content\/uploads\/2018\/10\/ams_red.jpg 921w\" sizes=\"auto, (max-width: 300px) 100vw, 300px\" \/><\/figure><\/div>\n\n\n<p class=\"has-text-align-center\"><\/p>\n\n\n\n<p class=\"has-text-align-center\">&nbsp;<\/p>\n","protected":false},"excerpt":{"rendered":"<p>PATRON OF OPERA ON TOUR PATRON OF THE PROGRAM OPERA WORKSHOPS PARTNERS OF THE POLISH ROYAL OPERA MEDIA PATRONAGE &nbsp;<\/p>\n","protected":false},"author":1,"featured_media":0,"parent":0,"menu_order":0,"comment_status":"closed","ping_status":"closed","template":"","meta":{"_acf_changed":false,"_kad_blocks_custom_css":"","_kad_blocks_head_custom_js":"","_kad_blocks_body_custom_js":"","_kad_blocks_footer_custom_js":"","footnotes":""},"class_list":["post-17240","page","type-page","status-publish","hentry"],"acf":[],"yoast_head":"<!-- This site is optimized with the Yoast SEO plugin v26.2 - https:\/\/yoast.com\/wordpress\/plugins\/seo\/ -->\n<title>COLLABORATION - Polska Opera Kr&oacute;lewska<\/title>\n<meta name=\"description\" content=\"Partnerzy, sponsorzy, patroni medialni, przyjaciele - instytucje i firmy wsp\u00f3\u0142pracuj\u0105ce z Polsk\u0105 Oper\u0105 Kr\u00f3lewsk\u0105.\" \/>\n<meta name=\"robots\" content=\"index, follow, max-snippet:-1, max-image-preview:large, max-video-preview:-1\" \/>\n<link rel=\"canonical\" href=\"https:\/\/operakrolewska.pl\/en\/wspolpraca\/\" \/>\n<meta property=\"og:locale\" content=\"en_US\" \/>\n<meta property=\"og:type\" content=\"article\" \/>\n<meta property=\"og:title\" content=\"COLLABORATION - Polska Opera Kr&oacute;lewska\" \/>\n<meta property=\"og:description\" content=\"Partnerzy, sponsorzy, patroni medialni, przyjaciele - instytucje i firmy wsp\u00f3\u0142pracuj\u0105ce z Polsk\u0105 Oper\u0105 Kr\u00f3lewsk\u0105.\" \/>\n<meta property=\"og:url\" content=\"https:\/\/operakrolewska.pl\/en\/wspolpraca\/\" \/>\n<meta property=\"og:site_name\" content=\"Polska Opera Kr&oacute;lewska\" \/>\n<meta property=\"article:publisher\" content=\"https:\/\/web.facebook.com\/PolskaOperaKrolewska\/\" \/>\n<meta property=\"article:modified_time\" content=\"2026-04-16T09:18:17+00:00\" \/>\n<meta property=\"og:image\" content=\"https:\/\/operakrolewska.pl\/wp-content\/uploads\/2025\/03\/strona_orlen_2.jpg\" \/>\n\t<meta property=\"og:image:width\" content=\"861\" \/>\n\t<meta property=\"og:image:height\" content=\"486\" \/>\n\t<meta property=\"og:image:type\" content=\"image\/jpeg\" \/>\n<meta name=\"twitter:card\" content=\"summary_large_image\" \/>\n<meta name=\"twitter:label1\" content=\"Est. reading time\" \/>\n\t<meta name=\"twitter:data1\" content=\"2 minutes\" \/>\n<script type=\"application\/ld+json\" class=\"yoast-schema-graph\">{\"@context\":\"https:\/\/schema.org\",\"@graph\":[{\"@type\":\"WebPage\",\"@id\":\"https:\/\/operakrolewska.pl\/en\/wspolpraca\/\",\"url\":\"https:\/\/operakrolewska.pl\/en\/wspolpraca\/\",\"name\":\"COLLABORATION - Polska Opera Kr&oacute;lewska\",\"isPartOf\":{\"@id\":\"https:\/\/operakrolewska.pl\/#website\"},\"primaryImageOfPage\":{\"@id\":\"https:\/\/operakrolewska.pl\/en\/wspolpraca\/#primaryimage\"},\"image\":{\"@id\":\"https:\/\/operakrolewska.pl\/en\/wspolpraca\/#primaryimage\"},\"thumbnailUrl\":\"https:\/\/operakrolewska.pl\/wp-content\/uploads\/2025\/03\/strona_orlen_2.jpg\",\"datePublished\":\"2018-10-23T12:51:03+00:00\",\"dateModified\":\"2026-04-16T09:18:17+00:00\",\"description\":\"Partnerzy, sponsorzy, patroni medialni, przyjaciele - instytucje i firmy wsp\u00f3\u0142pracuj\u0105ce z Polsk\u0105 Oper\u0105 Kr\u00f3lewsk\u0105.\",\"breadcrumb\":{\"@id\":\"https:\/\/operakrolewska.pl\/en\/wspolpraca\/#breadcrumb\"},\"inLanguage\":\"en-US\",\"potentialAction\":[{\"@type\":\"ReadAction\",\"target\":[\"https:\/\/operakrolewska.pl\/en\/wspolpraca\/\"]}]},{\"@type\":\"ImageObject\",\"inLanguage\":\"en-US\",\"@id\":\"https:\/\/operakrolewska.pl\/en\/wspolpraca\/#primaryimage\",\"url\":\"https:\/\/operakrolewska.pl\/wp-content\/uploads\/2025\/03\/strona_orlen_2.jpg\",\"contentUrl\":\"https:\/\/operakrolewska.pl\/wp-content\/uploads\/2025\/03\/strona_orlen_2.jpg\"},{\"@type\":\"BreadcrumbList\",\"@id\":\"https:\/\/operakrolewska.pl\/en\/wspolpraca\/#breadcrumb\",\"itemListElement\":[{\"@type\":\"ListItem\",\"position\":1,\"name\":\"Strona g\u0142\u00f3wna\",\"item\":\"https:\/\/operakrolewska.pl\/en\/\"},{\"@type\":\"ListItem\",\"position\":2,\"name\":\"COLLABORATION\"}]},{\"@type\":\"WebSite\",\"@id\":\"https:\/\/operakrolewska.pl\/#website\",\"url\":\"https:\/\/operakrolewska.pl\/\",\"name\":\"Polska Opera Kr&oacute;lewska\",\"description\":\"Polska Opera Kr&oacute;lewska\",\"publisher\":{\"@id\":\"https:\/\/operakrolewska.pl\/#organization\"},\"potentialAction\":[{\"@type\":\"SearchAction\",\"target\":{\"@type\":\"EntryPoint\",\"urlTemplate\":\"https:\/\/operakrolewska.pl\/?s={search_term_string}\"},\"query-input\":{\"@type\":\"PropertyValueSpecification\",\"valueRequired\":true,\"valueName\":\"search_term_string\"}}],\"inLanguage\":\"en-US\"},{\"@type\":\"Organization\",\"@id\":\"https:\/\/operakrolewska.pl\/#organization\",\"name\":\"Polska Opera Kr\u00f3lewska\",\"url\":\"https:\/\/operakrolewska.pl\/\",\"logo\":{\"@type\":\"ImageObject\",\"inLanguage\":\"en-US\",\"@id\":\"https:\/\/operakrolewska.pl\/#\/schema\/logo\/image\/\",\"url\":\"https:\/\/operakrolewska.pl\/wp-content\/uploads\/2017\/12\/logo-pok-czerwone_rgb-e1583499221374.jpg\",\"contentUrl\":\"https:\/\/operakrolewska.pl\/wp-content\/uploads\/2017\/12\/logo-pok-czerwone_rgb-e1583499221374.jpg\",\"width\":250,\"height\":108,\"caption\":\"Polska Opera Kr\u00f3lewska\"},\"image\":{\"@id\":\"https:\/\/operakrolewska.pl\/#\/schema\/logo\/image\/\"},\"sameAs\":[\"https:\/\/web.facebook.com\/PolskaOperaKrolewska\/\"]}]}<\/script>\n<!-- \/ Yoast SEO plugin. -->","yoast_head_json":{"title":"COLLABORATION - Polska Opera Kr&oacute;lewska","description":"Partnerzy, sponsorzy, patroni medialni, przyjaciele - instytucje i firmy wsp\u00f3\u0142pracuj\u0105ce z Polsk\u0105 Oper\u0105 Kr\u00f3lewsk\u0105.","robots":{"index":"index","follow":"follow","max-snippet":"max-snippet:-1","max-image-preview":"max-image-preview:large","max-video-preview":"max-video-preview:-1"},"canonical":"https:\/\/operakrolewska.pl\/en\/wspolpraca\/","og_locale":"en_US","og_type":"article","og_title":"COLLABORATION - Polska Opera Kr&oacute;lewska","og_description":"Partnerzy, sponsorzy, patroni medialni, przyjaciele - instytucje i firmy wsp\u00f3\u0142pracuj\u0105ce z Polsk\u0105 Oper\u0105 Kr\u00f3lewsk\u0105.","og_url":"https:\/\/operakrolewska.pl\/en\/wspolpraca\/","og_site_name":"Polska Opera Kr&oacute;lewska","article_publisher":"https:\/\/web.facebook.com\/PolskaOperaKrolewska\/","article_modified_time":"2026-04-16T09:18:17+00:00","og_image":[{"width":861,"height":486,"url":"https:\/\/operakrolewska.pl\/wp-content\/uploads\/2025\/03\/strona_orlen_2.jpg","type":"image\/jpeg"}],"twitter_card":"summary_large_image","twitter_misc":{"Est. reading time":"2 minutes"},"schema":{"@context":"https:\/\/schema.org","@graph":[{"@type":"WebPage","@id":"https:\/\/operakrolewska.pl\/en\/wspolpraca\/","url":"https:\/\/operakrolewska.pl\/en\/wspolpraca\/","name":"COLLABORATION - Polska Opera Kr&oacute;lewska","isPartOf":{"@id":"https:\/\/operakrolewska.pl\/#website"},"primaryImageOfPage":{"@id":"https:\/\/operakrolewska.pl\/en\/wspolpraca\/#primaryimage"},"image":{"@id":"https:\/\/operakrolewska.pl\/en\/wspolpraca\/#primaryimage"},"thumbnailUrl":"https:\/\/operakrolewska.pl\/wp-content\/uploads\/2025\/03\/strona_orlen_2.jpg","datePublished":"2018-10-23T12:51:03+00:00","dateModified":"2026-04-16T09:18:17+00:00","description":"Partnerzy, sponsorzy, patroni medialni, przyjaciele - instytucje i firmy wsp\u00f3\u0142pracuj\u0105ce z Polsk\u0105 Oper\u0105 Kr\u00f3lewsk\u0105.","breadcrumb":{"@id":"https:\/\/operakrolewska.pl\/en\/wspolpraca\/#breadcrumb"},"inLanguage":"en-US","potentialAction":[{"@type":"ReadAction","target":["https:\/\/operakrolewska.pl\/en\/wspolpraca\/"]}]},{"@type":"ImageObject","inLanguage":"en-US","@id":"https:\/\/operakrolewska.pl\/en\/wspolpraca\/#primaryimage","url":"https:\/\/operakrolewska.pl\/wp-content\/uploads\/2025\/03\/strona_orlen_2.jpg","contentUrl":"https:\/\/operakrolewska.pl\/wp-content\/uploads\/2025\/03\/strona_orlen_2.jpg"},{"@type":"BreadcrumbList","@id":"https:\/\/operakrolewska.pl\/en\/wspolpraca\/#breadcrumb","itemListElement":[{"@type":"ListItem","position":1,"name":"Strona g\u0142\u00f3wna","item":"https:\/\/operakrolewska.pl\/en\/"},{"@type":"ListItem","position":2,"name":"COLLABORATION"}]},{"@type":"WebSite","@id":"https:\/\/operakrolewska.pl\/#website","url":"https:\/\/operakrolewska.pl\/","name":"Polska Opera Kr&oacute;lewska","description":"Polska Opera Kr&oacute;lewska","publisher":{"@id":"https:\/\/operakrolewska.pl\/#organization"},"potentialAction":[{"@type":"SearchAction","target":{"@type":"EntryPoint","urlTemplate":"https:\/\/operakrolewska.pl\/?s={search_term_string}"},"query-input":{"@type":"PropertyValueSpecification","valueRequired":true,"valueName":"search_term_string"}}],"inLanguage":"en-US"},{"@type":"Organization","@id":"https:\/\/operakrolewska.pl\/#organization","name":"Polska Opera Kr\u00f3lewska","url":"https:\/\/operakrolewska.pl\/","logo":{"@type":"ImageObject","inLanguage":"en-US","@id":"https:\/\/operakrolewska.pl\/#\/schema\/logo\/image\/","url":"https:\/\/operakrolewska.pl\/wp-content\/uploads\/2017\/12\/logo-pok-czerwone_rgb-e1583499221374.jpg","contentUrl":"https:\/\/operakrolewska.pl\/wp-content\/uploads\/2017\/12\/logo-pok-czerwone_rgb-e1583499221374.jpg","width":250,"height":108,"caption":"Polska Opera Kr\u00f3lewska"},"image":{"@id":"https:\/\/operakrolewska.pl\/#\/schema\/logo\/image\/"},"sameAs":["https:\/\/web.facebook.com\/PolskaOperaKrolewska\/"]}]}},"taxonomy_info":[],"featured_image_src_large":false,"author_info":{"display_name":"admin","author_link":"https:\/\/operakrolewska.pl\/en\/author\/admin\/"},"comment_info":0,"_links":{"self":[{"href":"https:\/\/operakrolewska.pl\/en\/wp-json\/wp\/v2\/pages\/17240","targetHints":{"allow":["GET"]}}],"collection":[{"href":"https:\/\/operakrolewska.pl\/en\/wp-json\/wp\/v2\/pages"}],"about":[{"href":"https:\/\/operakrolewska.pl\/en\/wp-json\/wp\/v2\/types\/page"}],"author":[{"embeddable":true,"href":"https:\/\/operakrolewska.pl\/en\/wp-json\/wp\/v2\/users\/1"}],"replies":[{"embeddable":true,"href":"https:\/\/operakrolewska.pl\/en\/wp-json\/wp\/v2\/comments?post=17240"}],"version-history":[{"count":43,"href":"https:\/\/operakrolewska.pl\/en\/wp-json\/wp\/v2\/pages\/17240\/revisions"}],"predecessor-version":[{"id":43667,"href":"https:\/\/operakrolewska.pl\/en\/wp-json\/wp\/v2\/pages\/17240\/revisions\/43667"}],"wp:attachment":[{"href":"https:\/\/operakrolewska.pl\/en\/wp-json\/wp\/v2\/media?parent=17240"}],"curies":[{"name":"wp","href":"https:\/\/api.w.org\/{rel}","templated":true}]}}