{"id":15795,"date":"2019-12-30T16:59:12","date_gmt":"2019-12-30T15:59:12","guid":{"rendered":"https:\/\/operakrolewska.pl\/?page_id=15795"},"modified":"2026-05-04T13:18:10","modified_gmt":"2026-05-04T11:18:10","slug":"the-orchestra-of-the-polish-royal-opera","status":"publish","type":"page","link":"https:\/\/operakrolewska.pl\/en\/the-orchestra-of-the-polish-royal-opera\/","title":{"rendered":"THE ORCHESTRA OF THE POLISH ROYAL OPERA"},"content":{"rendered":"\n<figure class=\"wp-block-image size-large\"><a  href=\"https:\/\/operakrolewska.pl\/wp-content\/uploads\/2024\/09\/pok_orkiestra_net_4.jpg\" data-rel=\"lightbox-gallery-0\" data-rl_title=\"\" data-rl_caption=\"\"><img loading=\"lazy\" decoding=\"async\" width=\"1024\" height=\"576\" src=\"https:\/\/operakrolewska.pl\/wp-content\/uploads\/2024\/09\/pok_orkiestra_net_4-1024x576.jpg\" alt=\"\" class=\"wp-image-33306\" title=\"\" srcset=\"https:\/\/operakrolewska.pl\/wp-content\/uploads\/2024\/09\/pok_orkiestra_net_4-1024x576.jpg 1024w, https:\/\/operakrolewska.pl\/wp-content\/uploads\/2024\/09\/pok_orkiestra_net_4-300x169.jpg 300w, https:\/\/operakrolewska.pl\/wp-content\/uploads\/2024\/09\/pok_orkiestra_net_4-768x432.jpg 768w, https:\/\/operakrolewska.pl\/wp-content\/uploads\/2024\/09\/pok_orkiestra_net_4-1536x864.jpg 1536w, https:\/\/operakrolewska.pl\/wp-content\/uploads\/2024\/09\/pok_orkiestra_net_4-365x206.jpg 365w, https:\/\/operakrolewska.pl\/wp-content\/uploads\/2024\/09\/pok_orkiestra_net_4-860x485.jpg 860w, https:\/\/operakrolewska.pl\/wp-content\/uploads\/2024\/09\/pok_orkiestra_net_4.jpg 1955w\" sizes=\"auto, (max-width: 1024px) 100vw, 1024px\" \/><\/a><\/figure>\n\n\n\n<p class=\"has-small-font-size\">Photo: Maciej Czerski<\/p>\n\n\n\n<div style=\"height:50px\" aria-hidden=\"true\" class=\"wp-block-spacer\"><\/div>\n\n\n\n<p>The Orchestra of the Polish Royal Opera is a professional instrumental ensemble comprised of top-class musicians with many years of experience. The Orchestra\u2019s repertoire features a wide range of works, including operas, oratorios, and symphonies by W.A. Mozart, J. Haydn, and L. v. Beethoven, as well as gems of Polish music\u2014compositions by F. Chopin, S. Moniuszko, M. Kamie\u0144ski, and J. Elsner. In addition to their orchestral performances, our instrumentalists also engage in chamber music, performing renowned trios and quartets within the elegant interiors of palaces. <\/p>\n\n\n\n<div style=\"height:50px\" aria-hidden=\"true\" class=\"wp-block-spacer\"><\/div>\n\n\n\n<h3 class=\"wp-block-heading entry-title-art\">FIRST VIOLINS<\/h3>\n\n\n\n<p><a href=\"https:\/\/operakrolewska.pl\/en\/artysci\/tomasz-kulisiewicz\/\">Tomasz Kulisiewicz<\/a> \/ concertmaster, section leader<br>Aleksandra Knitter-Sikora \/ assistant concertmaster<br>Joanna Artysz<br>Patrycja Barwi\u0144ska<br>Robert Gil<br>Jacek Jack\u00f3w<br>Katarzyna Paciorkiewicz-Jarmu\u0142a<br>Anna Panufnik<br>Mariola Peron<\/p>\n\n\n\n<h3 class=\"wp-block-heading entry-title-art\">SECOND VIOLINS<\/h3>\n\n\n\n<p>Kornelia Figielska \/ principal, section leader<br>Marcin Jamro\u017cy \/ assistant principal and section leader<br>Aneta Borczy\u0144ska<br>Agnieszka Lech<br>Ma\u0142gorzata Panufnik-Willman<br>Monika Przyborek<br>Adriana Wojda<br>Ewa Wosiura<\/p>\n\n\n\n<h3 class=\"wp-block-heading entry-title-art\">VIOLAS<\/h3>\n\n\n\n<p>Natalia Gidlewska \/ principal, section leader<br>Alicja Bator \/ assistant principal and section leader<br>Joanna Kujda-Dobrowolska<br>Mariusz Lech<br>Miros\u0142aw Zalewski<\/p>\n\n\n\n<h3 class=\"wp-block-heading entry-title-art\">CELLOS<\/h3>\n\n\n\n<p>Robert Dacko \/ concertmaster, section leader<br>Maciej Skowro\u0144ski \/ assistant concertmaster, orchestra inspector<br>Ryszard Bednarczuk<br>Krzysztof Iwicki<br>Zofia Pieniak<br>Dorota Smoli\u0144ska<\/p>\n\n\n\n<h3 class=\"wp-block-heading entry-title-art\">DOUBLE BASSES<\/h3>\n\n\n\n<p>Albert Myczkowski \/ principal, section leader<br>Daniel Gutt<br>Jakub Kaczmarczyk<br>Tomasz Opuchlik<\/p>\n\n\n\n<h3 class=\"wp-block-heading entry-title-art\">FLUTES<\/h3>\n\n\n\n<p>Weronika Skowronek-Starowicz \/ section leader<br>Anna Mocarska<br>Edyta Osoli\u0144ska<br>Agnieszka Waldhelm-Kosyuk<\/p>\n\n\n\n<h3 class=\"wp-block-heading entry-title-art\">OBOES<\/h3>\n\n\n\n<p>Marek Roszkowski \/ section leader<br>Jakub Jackowski<br>Marek Moro\u0144<\/p>\n\n\n\n<h3 class=\"wp-block-heading entry-title-art\">CLARINETS<\/h3>\n\n\n\n<p>Julian Paprocki \/ section leader<br>Adam Mazurek<br>Mateusz Sowa<\/p>\n\n\n\n<h3 class=\"wp-block-heading entry-title-art\">BASSOONS<\/h3>\n\n\n\n<p>Marcin Orli\u0144ski \/ section leader<br>Zbigniew Lisowski<br>Marcin Osta\u0142owski<\/p>\n\n\n\n<h3 class=\"wp-block-heading entry-title-art\">HORNS<\/h3>\n\n\n\n<p>Witold Sikora \/ section leader<br>Anna Baran-P\u0142aczkowska<br>Krzysztof Dyrda<br>Monika Paprocka-Ca\u0142us<\/p>\n\n\n\n<h3 class=\"wp-block-heading entry-title-art\">TRUMPETS<\/h3>\n\n\n\n<p>Bogumi\u0142 Soroka \/ section leader<br>Jacek Jurkowski<br>Cezary Sagan<\/p>\n\n\n\n<h3 class=\"wp-block-heading entry-title-art\">TROMBONES<\/h3>\n\n\n\n<p>Ewa Harasimiuk \/ section leader<br>Sylwester Bondyra<br>\u0141ukasz Jakub Langer<\/p>\n\n\n\n<h3 class=\"wp-block-heading entry-title-art\">PERCUSSION<\/h3>\n\n\n\n<p>Mateusz Zawadzki \/ section leader<br>Miko\u0142aj Graczyk<\/p>\n","protected":false},"excerpt":{"rendered":"<p>Photo: Maciej Czerski The Orchestra of the Polish Royal Opera is a professional instrumental ensemble comprised of top-class musicians with many years of experience. The Orchestra\u2019s repertoire features a wide range of works, including operas, oratorios, and symphonies by W.A. Mozart, J. Haydn, and L. v. Beethoven, as well as gems of Polish music\u2014compositions by [&hellip;]<\/p>\n","protected":false},"author":1,"featured_media":13796,"parent":0,"menu_order":0,"comment_status":"closed","ping_status":"closed","template":"","meta":{"_acf_changed":false,"_kad_blocks_custom_css":"","_kad_blocks_head_custom_js":"","_kad_blocks_body_custom_js":"","_kad_blocks_footer_custom_js":"","footnotes":""},"class_list":["post-15795","page","type-page","status-publish","has-post-thumbnail","hentry"],"acf":[],"yoast_head":"<!-- This site is optimized with the Yoast SEO plugin v27.5 - https:\/\/yoast.com\/product\/yoast-seo-wordpress\/ -->\n<title>THE ORCHESTRA OF THE POLISH ROYAL OPERA - Polska Opera Kr&oacute;lewska<\/title>\n<meta name=\"robots\" content=\"index, follow, max-snippet:-1, max-image-preview:large, max-video-preview:-1\" \/>\n<link rel=\"canonical\" href=\"https:\/\/operakrolewska.pl\/en\/the-orchestra-of-the-polish-royal-opera\/\" \/>\n<meta property=\"og:locale\" content=\"en_US\" \/>\n<meta property=\"og:type\" content=\"article\" \/>\n<meta property=\"og:title\" content=\"THE ORCHESTRA OF THE POLISH ROYAL OPERA - Polska Opera Kr&oacute;lewska\" \/>\n<meta property=\"og:description\" content=\"Photo: Maciej Czerski The Orchestra of the Polish Royal Opera is a professional instrumental ensemble comprised of top-class musicians with many years of experience. The Orchestra\u2019s repertoire features a wide range of works, including operas, oratorios, and symphonies by W.A. Mozart, J. Haydn, and L. v. Beethoven, as well as gems of Polish music\u2014compositions by [&hellip;]\" \/>\n<meta property=\"og:url\" content=\"https:\/\/operakrolewska.pl\/en\/the-orchestra-of-the-polish-royal-opera\/\" \/>\n<meta property=\"og:site_name\" content=\"Polska Opera Kr&oacute;lewska\" \/>\n<meta property=\"article:publisher\" content=\"https:\/\/web.facebook.com\/PolskaOperaKrolewska\/\" \/>\n<meta property=\"article:modified_time\" content=\"2026-05-04T11:18:10+00:00\" \/>\n<meta property=\"og:image\" content=\"https:\/\/operakrolewska.pl\/wp-content\/uploads\/2019\/12\/08.10.19_pok_lutoslawski_net35.jpg\" \/>\n\t<meta property=\"og:image:width\" content=\"1340\" \/>\n\t<meta property=\"og:image:height\" content=\"893\" \/>\n\t<meta property=\"og:image:type\" content=\"image\/jpeg\" \/>\n<meta name=\"twitter:card\" content=\"summary_large_image\" \/>\n<meta name=\"twitter:label1\" content=\"Est. reading time\" \/>\n\t<meta name=\"twitter:data1\" content=\"3 minutes\" \/>\n<script type=\"application\/ld+json\" class=\"yoast-schema-graph\">{\"@context\":\"https:\\\/\\\/schema.org\",\"@graph\":[{\"@type\":\"WebPage\",\"@id\":\"https:\\\/\\\/operakrolewska.pl\\\/en\\\/the-orchestra-of-the-polish-royal-opera\\\/\",\"url\":\"https:\\\/\\\/operakrolewska.pl\\\/en\\\/the-orchestra-of-the-polish-royal-opera\\\/\",\"name\":\"THE ORCHESTRA OF THE POLISH ROYAL OPERA - Polska Opera Kr&oacute;lewska\",\"isPartOf\":{\"@id\":\"https:\\\/\\\/operakrolewska.pl\\\/#website\"},\"primaryImageOfPage\":{\"@id\":\"https:\\\/\\\/operakrolewska.pl\\\/en\\\/the-orchestra-of-the-polish-royal-opera\\\/#primaryimage\"},\"image\":{\"@id\":\"https:\\\/\\\/operakrolewska.pl\\\/en\\\/the-orchestra-of-the-polish-royal-opera\\\/#primaryimage\"},\"thumbnailUrl\":\"https:\\\/\\\/operakrolewska.pl\\\/wp-content\\\/uploads\\\/2019\\\/12\\\/08.10.19_pok_lutoslawski_net35.jpg\",\"datePublished\":\"2019-12-30T15:59:12+00:00\",\"dateModified\":\"2026-05-04T11:18:10+00:00\",\"breadcrumb\":{\"@id\":\"https:\\\/\\\/operakrolewska.pl\\\/en\\\/the-orchestra-of-the-polish-royal-opera\\\/#breadcrumb\"},\"inLanguage\":\"en-US\",\"potentialAction\":[{\"@type\":\"ReadAction\",\"target\":[\"https:\\\/\\\/operakrolewska.pl\\\/en\\\/the-orchestra-of-the-polish-royal-opera\\\/\"]}]},{\"@type\":\"ImageObject\",\"inLanguage\":\"en-US\",\"@id\":\"https:\\\/\\\/operakrolewska.pl\\\/en\\\/the-orchestra-of-the-polish-royal-opera\\\/#primaryimage\",\"url\":\"https:\\\/\\\/operakrolewska.pl\\\/wp-content\\\/uploads\\\/2019\\\/12\\\/08.10.19_pok_lutoslawski_net35.jpg\",\"contentUrl\":\"https:\\\/\\\/operakrolewska.pl\\\/wp-content\\\/uploads\\\/2019\\\/12\\\/08.10.19_pok_lutoslawski_net35.jpg\",\"width\":1340,\"height\":893},{\"@type\":\"BreadcrumbList\",\"@id\":\"https:\\\/\\\/operakrolewska.pl\\\/en\\\/the-orchestra-of-the-polish-royal-opera\\\/#breadcrumb\",\"itemListElement\":[{\"@type\":\"ListItem\",\"position\":1,\"name\":\"Strona g\u0142\u00f3wna\",\"item\":\"https:\\\/\\\/operakrolewska.pl\\\/en\\\/\"},{\"@type\":\"ListItem\",\"position\":2,\"name\":\"THE ORCHESTRA OF THE POLISH ROYAL OPERA\"}]},{\"@type\":\"WebSite\",\"@id\":\"https:\\\/\\\/operakrolewska.pl\\\/#website\",\"url\":\"https:\\\/\\\/operakrolewska.pl\\\/\",\"name\":\"Polska Opera Kr&oacute;lewska\",\"description\":\"Polska Opera Kr&oacute;lewska\",\"publisher\":{\"@id\":\"https:\\\/\\\/operakrolewska.pl\\\/#organization\"},\"potentialAction\":[{\"@type\":\"SearchAction\",\"target\":{\"@type\":\"EntryPoint\",\"urlTemplate\":\"https:\\\/\\\/operakrolewska.pl\\\/?s={search_term_string}\"},\"query-input\":{\"@type\":\"PropertyValueSpecification\",\"valueRequired\":true,\"valueName\":\"search_term_string\"}}],\"inLanguage\":\"en-US\"},{\"@type\":\"Organization\",\"@id\":\"https:\\\/\\\/operakrolewska.pl\\\/#organization\",\"name\":\"Polska Opera Kr\u00f3lewska\",\"url\":\"https:\\\/\\\/operakrolewska.pl\\\/\",\"logo\":{\"@type\":\"ImageObject\",\"inLanguage\":\"en-US\",\"@id\":\"https:\\\/\\\/operakrolewska.pl\\\/#\\\/schema\\\/logo\\\/image\\\/\",\"url\":\"https:\\\/\\\/operakrolewska.pl\\\/wp-content\\\/uploads\\\/2017\\\/12\\\/logo-pok-czerwone_rgb-e1583499221374.jpg\",\"contentUrl\":\"https:\\\/\\\/operakrolewska.pl\\\/wp-content\\\/uploads\\\/2017\\\/12\\\/logo-pok-czerwone_rgb-e1583499221374.jpg\",\"width\":250,\"height\":108,\"caption\":\"Polska Opera Kr\u00f3lewska\"},\"image\":{\"@id\":\"https:\\\/\\\/operakrolewska.pl\\\/#\\\/schema\\\/logo\\\/image\\\/\"},\"sameAs\":[\"https:\\\/\\\/web.facebook.com\\\/PolskaOperaKrolewska\\\/\"]}]}<\/script>\n<!-- \/ Yoast SEO plugin. -->","yoast_head_json":{"title":"THE ORCHESTRA OF THE POLISH ROYAL OPERA - Polska Opera Kr&oacute;lewska","robots":{"index":"index","follow":"follow","max-snippet":"max-snippet:-1","max-image-preview":"max-image-preview:large","max-video-preview":"max-video-preview:-1"},"canonical":"https:\/\/operakrolewska.pl\/en\/the-orchestra-of-the-polish-royal-opera\/","og_locale":"en_US","og_type":"article","og_title":"THE ORCHESTRA OF THE POLISH ROYAL OPERA - Polska Opera Kr&oacute;lewska","og_description":"Photo: Maciej Czerski The Orchestra of the Polish Royal Opera is a professional instrumental ensemble comprised of top-class musicians with many years of experience. The Orchestra\u2019s repertoire features a wide range of works, including operas, oratorios, and symphonies by W.A. Mozart, J. Haydn, and L. v. Beethoven, as well as gems of Polish music\u2014compositions by [&hellip;]","og_url":"https:\/\/operakrolewska.pl\/en\/the-orchestra-of-the-polish-royal-opera\/","og_site_name":"Polska Opera Kr&oacute;lewska","article_publisher":"https:\/\/web.facebook.com\/PolskaOperaKrolewska\/","article_modified_time":"2026-05-04T11:18:10+00:00","og_image":[{"width":1340,"height":893,"url":"https:\/\/operakrolewska.pl\/wp-content\/uploads\/2019\/12\/08.10.19_pok_lutoslawski_net35.jpg","type":"image\/jpeg"}],"twitter_card":"summary_large_image","twitter_misc":{"Est. reading time":"3 minutes"},"schema":{"@context":"https:\/\/schema.org","@graph":[{"@type":"WebPage","@id":"https:\/\/operakrolewska.pl\/en\/the-orchestra-of-the-polish-royal-opera\/","url":"https:\/\/operakrolewska.pl\/en\/the-orchestra-of-the-polish-royal-opera\/","name":"THE ORCHESTRA OF THE POLISH ROYAL OPERA - Polska Opera Kr&oacute;lewska","isPartOf":{"@id":"https:\/\/operakrolewska.pl\/#website"},"primaryImageOfPage":{"@id":"https:\/\/operakrolewska.pl\/en\/the-orchestra-of-the-polish-royal-opera\/#primaryimage"},"image":{"@id":"https:\/\/operakrolewska.pl\/en\/the-orchestra-of-the-polish-royal-opera\/#primaryimage"},"thumbnailUrl":"https:\/\/operakrolewska.pl\/wp-content\/uploads\/2019\/12\/08.10.19_pok_lutoslawski_net35.jpg","datePublished":"2019-12-30T15:59:12+00:00","dateModified":"2026-05-04T11:18:10+00:00","breadcrumb":{"@id":"https:\/\/operakrolewska.pl\/en\/the-orchestra-of-the-polish-royal-opera\/#breadcrumb"},"inLanguage":"en-US","potentialAction":[{"@type":"ReadAction","target":["https:\/\/operakrolewska.pl\/en\/the-orchestra-of-the-polish-royal-opera\/"]}]},{"@type":"ImageObject","inLanguage":"en-US","@id":"https:\/\/operakrolewska.pl\/en\/the-orchestra-of-the-polish-royal-opera\/#primaryimage","url":"https:\/\/operakrolewska.pl\/wp-content\/uploads\/2019\/12\/08.10.19_pok_lutoslawski_net35.jpg","contentUrl":"https:\/\/operakrolewska.pl\/wp-content\/uploads\/2019\/12\/08.10.19_pok_lutoslawski_net35.jpg","width":1340,"height":893},{"@type":"BreadcrumbList","@id":"https:\/\/operakrolewska.pl\/en\/the-orchestra-of-the-polish-royal-opera\/#breadcrumb","itemListElement":[{"@type":"ListItem","position":1,"name":"Strona g\u0142\u00f3wna","item":"https:\/\/operakrolewska.pl\/en\/"},{"@type":"ListItem","position":2,"name":"THE ORCHESTRA OF THE POLISH ROYAL OPERA"}]},{"@type":"WebSite","@id":"https:\/\/operakrolewska.pl\/#website","url":"https:\/\/operakrolewska.pl\/","name":"Polska Opera Kr&oacute;lewska","description":"Polska Opera Kr&oacute;lewska","publisher":{"@id":"https:\/\/operakrolewska.pl\/#organization"},"potentialAction":[{"@type":"SearchAction","target":{"@type":"EntryPoint","urlTemplate":"https:\/\/operakrolewska.pl\/?s={search_term_string}"},"query-input":{"@type":"PropertyValueSpecification","valueRequired":true,"valueName":"search_term_string"}}],"inLanguage":"en-US"},{"@type":"Organization","@id":"https:\/\/operakrolewska.pl\/#organization","name":"Polska Opera Kr\u00f3lewska","url":"https:\/\/operakrolewska.pl\/","logo":{"@type":"ImageObject","inLanguage":"en-US","@id":"https:\/\/operakrolewska.pl\/#\/schema\/logo\/image\/","url":"https:\/\/operakrolewska.pl\/wp-content\/uploads\/2017\/12\/logo-pok-czerwone_rgb-e1583499221374.jpg","contentUrl":"https:\/\/operakrolewska.pl\/wp-content\/uploads\/2017\/12\/logo-pok-czerwone_rgb-e1583499221374.jpg","width":250,"height":108,"caption":"Polska Opera Kr\u00f3lewska"},"image":{"@id":"https:\/\/operakrolewska.pl\/#\/schema\/logo\/image\/"},"sameAs":["https:\/\/web.facebook.com\/PolskaOperaKrolewska\/"]}]}},"taxonomy_info":[],"featured_image_src_large":["https:\/\/operakrolewska.pl\/wp-content\/uploads\/2019\/12\/08.10.19_pok_lutoslawski_net35-1024x682.jpg",640,426,true],"author_info":{"display_name":"admin","author_link":"https:\/\/operakrolewska.pl\/en\/author\/admin\/"},"comment_info":0,"_links":{"self":[{"href":"https:\/\/operakrolewska.pl\/en\/wp-json\/wp\/v2\/pages\/15795","targetHints":{"allow":["GET"]}}],"collection":[{"href":"https:\/\/operakrolewska.pl\/en\/wp-json\/wp\/v2\/pages"}],"about":[{"href":"https:\/\/operakrolewska.pl\/en\/wp-json\/wp\/v2\/types\/page"}],"author":[{"embeddable":true,"href":"https:\/\/operakrolewska.pl\/en\/wp-json\/wp\/v2\/users\/1"}],"replies":[{"embeddable":true,"href":"https:\/\/operakrolewska.pl\/en\/wp-json\/wp\/v2\/comments?post=15795"}],"version-history":[{"count":35,"href":"https:\/\/operakrolewska.pl\/en\/wp-json\/wp\/v2\/pages\/15795\/revisions"}],"predecessor-version":[{"id":43860,"href":"https:\/\/operakrolewska.pl\/en\/wp-json\/wp\/v2\/pages\/15795\/revisions\/43860"}],"wp:featuredmedia":[{"embeddable":true,"href":"https:\/\/operakrolewska.pl\/en\/wp-json\/wp\/v2\/media\/13796"}],"wp:attachment":[{"href":"https:\/\/operakrolewska.pl\/en\/wp-json\/wp\/v2\/media?parent=15795"}],"curies":[{"name":"wp","href":"https:\/\/api.w.org\/{rel}","templated":true}]}}